{"id":10139,"date":"2024-09-06T06:45:35","date_gmt":"2024-09-06T06:45:35","guid":{"rendered":"https:\/\/uniotec.ba\/?page_id=10139"},"modified":"2024-09-06T06:49:08","modified_gmt":"2024-09-06T06:49:08","slug":"stambeno-poslovni-objekat-tat-sprat-1","status":"publish","type":"page","link":"https:\/\/uniotec.ba\/bs\/stambeno-poslovni-objekat-tat-sprat-1\/","title":{"rendered":"Stambeno poslovni objekat &#8211; &#8216;TAT&#8217; &#8211; sprat 1"},"content":{"rendered":"<div data-elementor-type=\"wp-page\" data-elementor-id=\"10139\" class=\"elementor elementor-10139\">\n\t\t\t\t\t\t\t\t\t<section class=\"elementor-section elementor-top-section elementor-element elementor-element-65a28c0 elementor-section-stretched elementor-section-full_width elementor-section-content-middle animated-fast elementor-section-height-default elementor-section-height-default elementor-invisible\" data-id=\"65a28c0\" data-element_type=\"section\" data-settings=\"{&quot;stretch_section&quot;:&quot;section-stretched&quot;,&quot;background_background&quot;:&quot;classic&quot;,&quot;animation&quot;:&quot;opal-move-up&quot;}\">\n\t\t\t\t\t\t\t<div class=\"elementor-background-overlay\"><\/div>\n\t\t\t\t\t\t\t<div class=\"elementor-container elementor-column-gap-no\">\n\t\t\t\t\t<div class=\"elementor-column elementor-col-50 elementor-top-column elementor-element elementor-element-33cbc74\" data-id=\"33cbc74\" data-element_type=\"column\" data-settings=\"{&quot;background_background&quot;:&quot;classic&quot;}\">\n\t\t\t<div class=\"elementor-widget-wrap elementor-element-populated\">\n\t\t\t\t\t\t\t\t<div class=\"elementor-element elementor-element-48a3e63 elementor-testimonial-text-align-left elementor_testimonial_layout_2 elementor-widget elementor-widget-opal-testimonials\" data-id=\"48a3e63\" data-element_type=\"widget\" data-widget_type=\"opal-testimonials.default\">\n\t\t\t\t<div class=\"elementor-widget-container\">\n\t\t\t            <div class=\"elementor-testimonial-item-wrapper layout_2\">\n                <div class=\"row\" data-elementor-columns=\"1\">\n                                            <div class=\"column-item elementor-testimonial-item\">\n                            <div class=\"item-box\">\n                                <div class=\"elementor-testimonial-wrapper-head\">\n                                    <div class=\"elementor-testimonial-item-wrapper\">\n                                                                                    <div class=\"elementor-testimonial-icon\">\n                                                <span class=\"elementor-testimonial-icon-icon\">\n                                                                                                    <\/span>\n                                            <\/div>\n                                                                                                                            <div class=\"elementor-testimonial-wrapper-inner\">\n                                                                                                    <span class=\"elementor-testimonial-sub-title\">\n                                                        TLOCRT                                                    <\/span>\n                                                                                                                                                    <h2 class=\"elementor-testimonial-title\">\n                                                        Stan 8                                                    <\/h2>\n                                                                                            <\/div>\n                                                                            <\/div>\n                                    <div class=\"elementor-testimonial-content\">\n                                        Dobrodo\u0161li u stan broj 5, va\u0161e novo omiljeno mjesto za \u017eivot! Ovaj moderni stan nudi sve \u0161to vam je potrebno za udoban i stiliziran \u017eivot.                                    <\/div>\n                                <\/div>\n                                <div class=\"elementor-testimonial-wrapper-footer\">\n                                            <div class=\"elementor-testimonial-image\">\n                    <\/div>\n                                            <div class=\"elementor-testimonial-details\">\n                                        <div class=\"elementor-testimonial-flex\">\n                                                                                        <div class=\"elementor-testimonial-name\"><\/div>\n                                            <div class=\"elementor-testimonial-job\"><\/div>\n                                        <\/div>\n                                        <span class=\"elementor-testimonial-rule\"><\/span>\n                                    <\/div>\n                                <\/div>\n                            <\/div>\n                        <\/div>\n                                    <\/div>\n            <\/div>\n            \t\t<\/div>\n\t\t\t\t<\/div>\n\t\t\t\t\t<\/div>\n\t\t<\/div>\n\t\t\t\t<div class=\"elementor-column elementor-col-50 elementor-top-column elementor-element elementor-element-e9f4b72\" data-id=\"e9f4b72\" data-element_type=\"column\" data-settings=\"{&quot;background_background&quot;:&quot;classic&quot;}\">\n\t\t\t<div class=\"elementor-widget-wrap\">\n\t\t\t\t\t\t\t\t\t<\/div>\n\t\t<\/div>\n\t\t\t\t\t\t\t<\/div>\n\t\t<\/section>\n\t\t\t\t<section class=\"elementor-section elementor-top-section elementor-element elementor-element-51addda elementor-section-stretched elementor-section-boxed elementor-section-height-default elementor-section-height-default elementor-invisible\" data-id=\"51addda\" data-element_type=\"section\" data-settings=\"{&quot;stretch_section&quot;:&quot;section-stretched&quot;,&quot;animation&quot;:&quot;opal-move-up&quot;}\">\n\t\t\t\t\t\t<div class=\"elementor-container elementor-column-gap-no\">\n\t\t\t\t\t<div class=\"elementor-column elementor-col-100 elementor-top-column elementor-element elementor-element-2f419d0\" data-id=\"2f419d0\" data-element_type=\"column\">\n\t\t\t<div class=\"elementor-widget-wrap elementor-element-populated\">\n\t\t\t\t\t\t\t\t<div class=\"elementor-element elementor-element-52e2557 elementor-widget elementor-widget-text-editor\" data-id=\"52e2557\" data-element_type=\"widget\" data-widget_type=\"text-editor.default\">\n\t\t\t\t<div class=\"elementor-widget-container\">\n\t\t\t<style>\/*! elementor - v3.17.0 - 08-11-2023 *\/\n.elementor-widget-text-editor.elementor-drop-cap-view-stacked .elementor-drop-cap{background-color:#69727d;color:#fff}.elementor-widget-text-editor.elementor-drop-cap-view-framed .elementor-drop-cap{color:#69727d;border:3px solid;background-color:transparent}.elementor-widget-text-editor:not(.elementor-drop-cap-view-default) .elementor-drop-cap{margin-top:8px}.elementor-widget-text-editor:not(.elementor-drop-cap-view-default) .elementor-drop-cap-letter{width:1em;height:1em}.elementor-widget-text-editor .elementor-drop-cap{float:left;text-align:center;line-height:1;font-size:50px}.elementor-widget-text-editor .elementor-drop-cap-letter{display:inline-block}<\/style>        <div class=\"elementor-text-editor elementor-clearfix\"><\/div>\n        \t\t<\/div>\n\t\t\t\t<\/div>\n\t\t\t\t\t<\/div>\n\t\t<\/div>\n\t\t\t\t\t\t\t<\/div>\n\t\t<\/section>\n\t\t<div class=\"elementor-element elementor-element-b333be0 e-con-full e-flex e-con e-parent\" data-id=\"b333be0\" data-element_type=\"container\" data-settings=\"{&quot;content_width&quot;:&quot;full&quot;}\" data-core-v316-plus=\"true\">\n\t\t\t\t<div class=\"elementor-element elementor-element-f8ff0a3 elementor-widget elementor-widget-heading\" data-id=\"f8ff0a3\" data-element_type=\"widget\" data-widget_type=\"heading.default\">\n\t\t\t\t<div class=\"elementor-widget-container\">\n\t\t\t<style>\/*! elementor - v3.17.0 - 08-11-2023 *\/\n.elementor-heading-title{padding:0;margin:0;line-height:1}.elementor-widget-heading .elementor-heading-title[class*=elementor-size-]>a{color:inherit;font-size:inherit;line-height:inherit}.elementor-widget-heading .elementor-heading-title.elementor-size-small{font-size:15px}.elementor-widget-heading .elementor-heading-title.elementor-size-medium{font-size:19px}.elementor-widget-heading .elementor-heading-title.elementor-size-large{font-size:29px}.elementor-widget-heading .elementor-heading-title.elementor-size-xl{font-size:39px}.elementor-widget-heading .elementor-heading-title.elementor-size-xxl{font-size:59px}<\/style><div class=\"elementor-heading-wrapper\" ><div class=\"elementor-heading-wrapper-inner\"><h2 class=\"elementor-heading-title elementor-size-default\">Opremljenost<\/h2><\/div><\/div>\t\t<\/div>\n\t\t\t\t<\/div>\n\t\t\t\t<\/div>\n\t\t<div class=\"elementor-element elementor-element-d9be1d7 e-flex e-con-boxed e-con e-parent\" data-id=\"d9be1d7\" data-element_type=\"container\" data-settings=\"{&quot;content_width&quot;:&quot;boxed&quot;}\" data-core-v316-plus=\"true\">\n\t\t\t\t\t<div class=\"e-con-inner\">\n\t\t\t\t<div class=\"elementor-element elementor-element-61ac49c elementor-widget elementor-widget-image\" data-id=\"61ac49c\" data-element_type=\"widget\" data-widget_type=\"image.default\">\n\t\t\t\t<div class=\"elementor-widget-container\">\n\t\t\t<style>\/*! elementor - v3.17.0 - 08-11-2023 *\/\n.elementor-widget-image{text-align:center}.elementor-widget-image a{display:inline-block}.elementor-widget-image a img[src$=\".svg\"]{width:48px}.elementor-widget-image img{vertical-align:middle;display:inline-block}<\/style>\t\t\t\t\t\t\t\t\t\t\t\t\t<a href=\"https:\/\/uniotec.ba\/wp-content\/uploads\/2024\/09\/Slika-2-UNIOTEC-scaled.jpg\" data-elementor-open-lightbox=\"yes\" data-elementor-lightbox-title=\"Slika-2-UNIOTEC\" data-e-action-hash=\"#elementor-action%3Aaction%3Dlightbox%26settings%3DeyJpZCI6MTAxNDAsInVybCI6Imh0dHBzOlwvXC91bmlvdGVjLmJhXC93cC1jb250ZW50XC91cGxvYWRzXC8yMDI0XC8wOVwvU2xpa2EtMi1VTklPVEVDLXNjYWxlZC5qcGcifQ%3D%3D\">\n\t\t\t\t\t\t\t<img fetchpriority=\"high\" decoding=\"async\" width=\"600\" height=\"571\" src=\"https:\/\/uniotec.ba\/wp-content\/uploads\/2024\/09\/Slika-2-UNIOTEC-1024x975.jpg\" class=\"attachment-large size-large wp-image-10140\" alt=\"\" srcset=\"https:\/\/uniotec.ba\/wp-content\/uploads\/2024\/09\/Slika-2-UNIOTEC-1024x975.jpg 1024w, https:\/\/uniotec.ba\/wp-content\/uploads\/2024\/09\/Slika-2-UNIOTEC-300x286.jpg 300w, https:\/\/uniotec.ba\/wp-content\/uploads\/2024\/09\/Slika-2-UNIOTEC-768x731.jpg 768w, https:\/\/uniotec.ba\/wp-content\/uploads\/2024\/09\/Slika-2-UNIOTEC-1536x1463.jpg 1536w, https:\/\/uniotec.ba\/wp-content\/uploads\/2024\/09\/Slika-2-UNIOTEC-2048x1950.jpg 2048w, https:\/\/uniotec.ba\/wp-content\/uploads\/2024\/09\/Slika-2-UNIOTEC-13x12.jpg 13w, https:\/\/uniotec.ba\/wp-content\/uploads\/2024\/09\/Slika-2-UNIOTEC-700x667.jpg 700w\" sizes=\"(max-width: 600px) 100vw, 600px\" \/>\t\t\t\t\t\t\t\t<\/a>\n\t\t\t\t\t\t\t\t\t\t\t\t\t\t\t<\/div>\n\t\t\t\t<\/div>\n\t\t\t\t\t<\/div>\n\t\t\t\t<\/div>\n\t\t<div class=\"elementor-element elementor-element-ccfd2a1 e-flex e-con-boxed e-con e-parent\" data-id=\"ccfd2a1\" data-element_type=\"container\" data-settings=\"{&quot;content_width&quot;:&quot;boxed&quot;}\" data-core-v316-plus=\"true\">\n\t\t\t\t\t<div class=\"e-con-inner\">\n\t\t\t\t<div class=\"elementor-element elementor-element-13b423a elementor-widget elementor-widget-heading\" data-id=\"13b423a\" data-element_type=\"widget\" data-widget_type=\"heading.default\">\n\t\t\t\t<div class=\"elementor-widget-container\">\n\t\t\t<div class=\"elementor-heading-wrapper\" ><div class=\"elementor-heading-wrapper-inner\"><h2 class=\"elementor-heading-title elementor-size-default\">Tlocrt stana<\/h2><\/div><\/div>\t\t<\/div>\n\t\t\t\t<\/div>\n\t\t\t\t\t<\/div>\n\t\t\t\t<\/div>\n\t\t<div class=\"elementor-element elementor-element-8dd8e93 e-flex e-con-boxed e-con e-parent\" data-id=\"8dd8e93\" data-element_type=\"container\" data-settings=\"{&quot;content_width&quot;:&quot;boxed&quot;}\" data-core-v316-plus=\"true\">\n\t\t\t\t\t<div class=\"e-con-inner\">\n\t\t\t\t<div class=\"elementor-element elementor-element-21f5d68 elementor-widget elementor-widget-image\" data-id=\"21f5d68\" data-element_type=\"widget\" data-widget_type=\"image.default\">\n\t\t\t\t<div class=\"elementor-widget-container\">\n\t\t\t\t\t\t\t\t\t\t\t\t\t\t\t\t<a href=\"https:\/\/uniotec.ba\/wp-content\/uploads\/2024\/09\/Slika-5-UNIOTEC-scaled.jpg\" data-elementor-open-lightbox=\"yes\" data-elementor-lightbox-title=\"Slika-5-UNIOTEC\" data-e-action-hash=\"#elementor-action%3Aaction%3Dlightbox%26settings%3DeyJpZCI6MTAxNDcsInVybCI6Imh0dHBzOlwvXC91bmlvdGVjLmJhXC93cC1jb250ZW50XC91cGxvYWRzXC8yMDI0XC8wOVwvU2xpa2EtNS1VTklPVEVDLXNjYWxlZC5qcGcifQ%3D%3D\">\n\t\t\t\t\t\t\t<img decoding=\"async\" width=\"600\" height=\"571\" src=\"https:\/\/uniotec.ba\/wp-content\/uploads\/2024\/09\/Slika-5-UNIOTEC-1024x975.jpg\" class=\"attachment-large size-large wp-image-10147\" alt=\"\" srcset=\"https:\/\/uniotec.ba\/wp-content\/uploads\/2024\/09\/Slika-5-UNIOTEC-1024x975.jpg 1024w, https:\/\/uniotec.ba\/wp-content\/uploads\/2024\/09\/Slika-5-UNIOTEC-300x286.jpg 300w, https:\/\/uniotec.ba\/wp-content\/uploads\/2024\/09\/Slika-5-UNIOTEC-768x731.jpg 768w, https:\/\/uniotec.ba\/wp-content\/uploads\/2024\/09\/Slika-5-UNIOTEC-1536x1463.jpg 1536w, https:\/\/uniotec.ba\/wp-content\/uploads\/2024\/09\/Slika-5-UNIOTEC-2048x1950.jpg 2048w, https:\/\/uniotec.ba\/wp-content\/uploads\/2024\/09\/Slika-5-UNIOTEC-13x12.jpg 13w, https:\/\/uniotec.ba\/wp-content\/uploads\/2024\/09\/Slika-5-UNIOTEC-700x667.jpg 700w\" sizes=\"(max-width: 600px) 100vw, 600px\" \/>\t\t\t\t\t\t\t\t<\/a>\n\t\t\t\t\t\t\t\t\t\t\t\t\t\t\t<\/div>\n\t\t\t\t<\/div>\n\t\t\t\t\t<\/div>\n\t\t\t\t<\/div>\n\t\t\t\t\t\t\t<\/div>","protected":false},"excerpt":{"rendered":"<p>TLOCRT Stan 8 Dobrodo\u0161li u stan broj 5, va\u0161e novo omiljeno mjesto za \u017eivot! Ovaj moderni stan nudi sve \u0161to vam je potrebno za udoban i stiliziran \u017eivot. Opremljenost Tlocrt stana<\/p>","protected":false},"author":1,"featured_media":0,"parent":0,"menu_order":0,"comment_status":"closed","ping_status":"closed","template":"","meta":{"inline_featured_image":false,"footnotes":""},"_links":{"self":[{"href":"https:\/\/uniotec.ba\/bs\/wp-json\/wp\/v2\/pages\/10139"}],"collection":[{"href":"https:\/\/uniotec.ba\/bs\/wp-json\/wp\/v2\/pages"}],"about":[{"href":"https:\/\/uniotec.ba\/bs\/wp-json\/wp\/v2\/types\/page"}],"author":[{"embeddable":true,"href":"https:\/\/uniotec.ba\/bs\/wp-json\/wp\/v2\/users\/1"}],"replies":[{"embeddable":true,"href":"https:\/\/uniotec.ba\/bs\/wp-json\/wp\/v2\/comments?post=10139"}],"version-history":[{"count":15,"href":"https:\/\/uniotec.ba\/bs\/wp-json\/wp\/v2\/pages\/10139\/revisions"}],"predecessor-version":[{"id":10156,"href":"https:\/\/uniotec.ba\/bs\/wp-json\/wp\/v2\/pages\/10139\/revisions\/10156"}],"wp:attachment":[{"href":"https:\/\/uniotec.ba\/bs\/wp-json\/wp\/v2\/media?parent=10139"}],"curies":[{"name":"wp","href":"https:\/\/api.w.org\/{rel}","templated":true}]}}