{"id":9904,"date":"2024-06-26T08:03:47","date_gmt":"2024-06-26T08:03:47","guid":{"rendered":"https:\/\/uniotec.ba\/?page_id=9904"},"modified":"2024-07-22T12:30:21","modified_gmt":"2024-07-22T12:30:21","slug":"tat-tlocrt-sprata-1","status":"publish","type":"page","link":"https:\/\/uniotec.ba\/bs\/tat-tlocrt-sprata-1\/","title":{"rendered":"Stambeno poslovni objekat &#8211; &#8216;TAT&#8217; &#8211; sprat 1"},"content":{"rendered":"<div data-elementor-type=\"wp-page\" data-elementor-id=\"9904\" class=\"elementor elementor-9904\">\n\t\t\t\t\t\t\t\t\t<section class=\"elementor-section elementor-top-section elementor-element elementor-element-65a28c0 elementor-section-stretched elementor-section-full_width elementor-section-content-middle animated-fast elementor-section-height-default elementor-section-height-default elementor-invisible\" data-id=\"65a28c0\" data-element_type=\"section\" data-settings=\"{&quot;stretch_section&quot;:&quot;section-stretched&quot;,&quot;background_background&quot;:&quot;classic&quot;,&quot;animation&quot;:&quot;opal-move-up&quot;}\">\n\t\t\t\t\t\t\t<div class=\"elementor-background-overlay\"><\/div>\n\t\t\t\t\t\t\t<div class=\"elementor-container elementor-column-gap-no\">\n\t\t\t\t\t<div class=\"elementor-column elementor-col-50 elementor-top-column elementor-element elementor-element-33cbc74\" data-id=\"33cbc74\" data-element_type=\"column\" data-settings=\"{&quot;background_background&quot;:&quot;classic&quot;}\">\n\t\t\t<div class=\"elementor-widget-wrap elementor-element-populated\">\n\t\t\t\t\t\t\t\t<div class=\"elementor-element elementor-element-48a3e63 elementor-testimonial-text-align-left elementor_testimonial_layout_2 elementor-widget elementor-widget-opal-testimonials\" data-id=\"48a3e63\" data-element_type=\"widget\" data-widget_type=\"opal-testimonials.default\">\n\t\t\t\t<div class=\"elementor-widget-container\">\n\t\t\t            <div class=\"elementor-testimonial-item-wrapper layout_2\">\n                <div class=\"row\" data-elementor-columns=\"1\">\n                                            <div class=\"column-item elementor-testimonial-item\">\n                            <div class=\"item-box\">\n                                <div class=\"elementor-testimonial-wrapper-head\">\n                                    <div class=\"elementor-testimonial-item-wrapper\">\n                                                                                    <div class=\"elementor-testimonial-icon\">\n                                                <span class=\"elementor-testimonial-icon-icon\">\n                                                                                                    <\/span>\n                                            <\/div>\n                                                                                                                            <div class=\"elementor-testimonial-wrapper-inner\">\n                                                                                                    <span class=\"elementor-testimonial-sub-title\">\n                                                        TLOCRT                                                    <\/span>\n                                                                                                                                                    <h2 class=\"elementor-testimonial-title\">\n                                                        Sprat 1                                                    <\/h2>\n                                                                                            <\/div>\n                                                                            <\/div>\n                                    <div class=\"elementor-testimonial-content\">\n                                        Sprat se prostire na ukupno 400m\u00b2 povr\u0161ine, pru\u017eaju\u0107i raznovrsne stambene opcije. Sa sedam jedinica, od kojih je jedan dvosobni, 5 jednosobonih i jednom garsonjerom, pru\u017eamo \u0161irok spektar izbora za na\u0161e stanare. Svaka jedinica je pa\u017eljivo osmi\u0161ljena kako bi pru\u017eila optimalan spoj funkcionalnosti i udobnosti. I sprat je opremljen modernim sistemima bezbjednosti, liftom kako bi pru\u017eio prakti\u010dnost na\u0161im stanarima.                                    <\/div>\n                                <\/div>\n                                <div class=\"elementor-testimonial-wrapper-footer\">\n                                            <div class=\"elementor-testimonial-image\">\n                    <\/div>\n                                            <div class=\"elementor-testimonial-details\">\n                                        <div class=\"elementor-testimonial-flex\">\n                                                                                        <div class=\"elementor-testimonial-name\"><\/div>\n                                            <div class=\"elementor-testimonial-job\"><\/div>\n                                        <\/div>\n                                        <span class=\"elementor-testimonial-rule\"><\/span>\n                                    <\/div>\n                                <\/div>\n                            <\/div>\n                        <\/div>\n                                    <\/div>\n            <\/div>\n            \t\t<\/div>\n\t\t\t\t<\/div>\n\t\t\t\t\t<\/div>\n\t\t<\/div>\n\t\t\t\t<div class=\"elementor-column elementor-col-50 elementor-top-column elementor-element elementor-element-e9f4b72\" data-id=\"e9f4b72\" data-element_type=\"column\" data-settings=\"{&quot;background_background&quot;:&quot;classic&quot;}\">\n\t\t\t<div class=\"elementor-widget-wrap\">\n\t\t\t\t\t\t\t\t\t<\/div>\n\t\t<\/div>\n\t\t\t\t\t\t\t<\/div>\n\t\t<\/section>\n\t\t\t\t<section class=\"elementor-section elementor-top-section elementor-element elementor-element-51addda elementor-section-stretched elementor-section-boxed elementor-section-height-default elementor-section-height-default elementor-invisible\" data-id=\"51addda\" data-element_type=\"section\" data-settings=\"{&quot;stretch_section&quot;:&quot;section-stretched&quot;,&quot;animation&quot;:&quot;opal-move-up&quot;}\">\n\t\t\t\t\t\t<div class=\"elementor-container elementor-column-gap-no\">\n\t\t\t\t\t<div class=\"elementor-column elementor-col-100 elementor-top-column elementor-element elementor-element-2f419d0\" data-id=\"2f419d0\" data-element_type=\"column\">\n\t\t\t<div class=\"elementor-widget-wrap elementor-element-populated\">\n\t\t\t\t\t\t\t\t<div class=\"elementor-element elementor-element-52e2557 elementor-widget elementor-widget-text-editor\" data-id=\"52e2557\" data-element_type=\"widget\" data-widget_type=\"text-editor.default\">\n\t\t\t\t<div class=\"elementor-widget-container\">\n\t\t\t<style>\/*! elementor - v3.17.0 - 08-11-2023 *\/\n.elementor-widget-text-editor.elementor-drop-cap-view-stacked .elementor-drop-cap{background-color:#69727d;color:#fff}.elementor-widget-text-editor.elementor-drop-cap-view-framed .elementor-drop-cap{color:#69727d;border:3px solid;background-color:transparent}.elementor-widget-text-editor:not(.elementor-drop-cap-view-default) .elementor-drop-cap{margin-top:8px}.elementor-widget-text-editor:not(.elementor-drop-cap-view-default) .elementor-drop-cap-letter{width:1em;height:1em}.elementor-widget-text-editor .elementor-drop-cap{float:left;text-align:center;line-height:1;font-size:50px}.elementor-widget-text-editor .elementor-drop-cap-letter{display:inline-block}<\/style>        <div class=\"elementor-text-editor elementor-clearfix\"><\/div>\n        \t\t<\/div>\n\t\t\t\t<\/div>\n\t\t\t\t\t<\/div>\n\t\t<\/div>\n\t\t\t\t\t\t\t<\/div>\n\t\t<\/section>\n\t\t<div class=\"elementor-element elementor-element-b333be0 e-con-full e-flex e-con e-parent\" data-id=\"b333be0\" data-element_type=\"container\" data-settings=\"{&quot;content_width&quot;:&quot;full&quot;}\" data-core-v316-plus=\"true\">\n\t\t\t\t<div class=\"elementor-element elementor-element-f8ff0a3 elementor-widget elementor-widget-heading\" data-id=\"f8ff0a3\" data-element_type=\"widget\" data-widget_type=\"heading.default\">\n\t\t\t\t<div class=\"elementor-widget-container\">\n\t\t\t<style>\/*! elementor - v3.17.0 - 08-11-2023 *\/\n.elementor-heading-title{padding:0;margin:0;line-height:1}.elementor-widget-heading .elementor-heading-title[class*=elementor-size-]>a{color:inherit;font-size:inherit;line-height:inherit}.elementor-widget-heading .elementor-heading-title.elementor-size-small{font-size:15px}.elementor-widget-heading .elementor-heading-title.elementor-size-medium{font-size:19px}.elementor-widget-heading .elementor-heading-title.elementor-size-large{font-size:29px}.elementor-widget-heading .elementor-heading-title.elementor-size-xl{font-size:39px}.elementor-widget-heading .elementor-heading-title.elementor-size-xxl{font-size:59px}<\/style><div class=\"elementor-heading-wrapper\" ><div class=\"elementor-heading-wrapper-inner\"><h2 class=\"elementor-heading-title elementor-size-default\">Planovi<\/h2><\/div><\/div>\t\t<\/div>\n\t\t\t\t<\/div>\n\t\t\t\t<div class=\"elementor-element elementor-element-77b7787 tab-tile-style1 elementor-tabs-view-horizontal elementor-tabs-align-center elementor-widget elementor-widget-opal-tabs\" data-id=\"77b7787\" data-element_type=\"widget\" data-widget_type=\"opal-tabs.default\">\n\t\t\t\t<div class=\"elementor-widget-container\">\n\t\t\t<style>\/*! elementor - v3.17.0 - 08-11-2023 *\/\n.elementor-widget-tabs.elementor-tabs-view-vertical .elementor-tabs-wrapper{width:25%;flex-shrink:0}.elementor-widget-tabs.elementor-tabs-view-vertical .elementor-tab-desktop-title.elementor-active{border-right-style:none}.elementor-widget-tabs.elementor-tabs-view-vertical .elementor-tab-desktop-title.elementor-active:after,.elementor-widget-tabs.elementor-tabs-view-vertical .elementor-tab-desktop-title.elementor-active:before{height:999em;width:0;right:0;border-right-style:solid}.elementor-widget-tabs.elementor-tabs-view-vertical .elementor-tab-desktop-title.elementor-active:before{top:0;transform:translateY(-100%)}.elementor-widget-tabs.elementor-tabs-view-vertical .elementor-tab-desktop-title.elementor-active:after{top:100%}.elementor-widget-tabs.elementor-tabs-view-horizontal .elementor-tab-desktop-title{display:table-cell}.elementor-widget-tabs.elementor-tabs-view-horizontal .elementor-tab-desktop-title.elementor-active{border-bottom-style:none}.elementor-widget-tabs.elementor-tabs-view-horizontal .elementor-tab-desktop-title.elementor-active:after,.elementor-widget-tabs.elementor-tabs-view-horizontal .elementor-tab-desktop-title.elementor-active:before{bottom:0;height:0;width:999em;border-bottom-style:solid}.elementor-widget-tabs.elementor-tabs-view-horizontal .elementor-tab-desktop-title.elementor-active:before{right:100%}.elementor-widget-tabs.elementor-tabs-view-horizontal .elementor-tab-desktop-title.elementor-active:after{left:100%}.elementor-widget-tabs .elementor-tab-content,.elementor-widget-tabs .elementor-tab-title,.elementor-widget-tabs .elementor-tab-title:after,.elementor-widget-tabs .elementor-tab-title:before,.elementor-widget-tabs .elementor-tabs-content-wrapper{border:1px #d5d8dc}.elementor-widget-tabs .elementor-tabs{text-align:left}.elementor-widget-tabs .elementor-tabs-wrapper{overflow:hidden}.elementor-widget-tabs .elementor-tab-title{cursor:pointer;outline:var(--focus-outline,none)}.elementor-widget-tabs .elementor-tab-desktop-title{position:relative;padding:20px 25px;font-weight:700;line-height:1;border:solid transparent}.elementor-widget-tabs .elementor-tab-desktop-title.elementor-active{border-color:#d5d8dc}.elementor-widget-tabs .elementor-tab-desktop-title.elementor-active:after,.elementor-widget-tabs .elementor-tab-desktop-title.elementor-active:before{display:block;content:\"\";position:absolute}.elementor-widget-tabs .elementor-tab-desktop-title:focus-visible{border:1px solid #000}.elementor-widget-tabs .elementor-tab-mobile-title{padding:10px;cursor:pointer}.elementor-widget-tabs .elementor-tab-content{padding:20px;display:none}@media (max-width:767px){.elementor-tabs .elementor-tab-content,.elementor-tabs .elementor-tab-title{border-style:solid solid none}.elementor-tabs .elementor-tabs-wrapper{display:none}.elementor-tabs .elementor-tabs-content-wrapper{border-bottom-style:solid}.elementor-tabs .elementor-tab-content{padding:10px}}@media (min-width:768px){.elementor-widget-tabs.elementor-tabs-view-vertical .elementor-tabs{display:flex}.elementor-widget-tabs.elementor-tabs-view-vertical .elementor-tabs-wrapper{flex-direction:column}.elementor-widget-tabs.elementor-tabs-view-vertical .elementor-tabs-content-wrapper{flex-grow:1;border-style:solid solid solid none}.elementor-widget-tabs.elementor-tabs-view-horizontal .elementor-tab-content{border-style:none solid solid}.elementor-widget-tabs.elementor-tabs-alignment-center .elementor-tabs-wrapper,.elementor-widget-tabs.elementor-tabs-alignment-end .elementor-tabs-wrapper,.elementor-widget-tabs.elementor-tabs-alignment-stretch .elementor-tabs-wrapper{display:flex}.elementor-widget-tabs.elementor-tabs-alignment-center .elementor-tabs-wrapper{justify-content:center}.elementor-widget-tabs.elementor-tabs-alignment-end .elementor-tabs-wrapper{justify-content:flex-end}.elementor-widget-tabs.elementor-tabs-alignment-stretch.elementor-tabs-view-horizontal .elementor-tab-title{width:100%}.elementor-widget-tabs.elementor-tabs-alignment-stretch.elementor-tabs-view-vertical .elementor-tab-title{height:100%}.elementor-tabs .elementor-tab-mobile-title{display:none}}<\/style>        <div class=\"elementor-tabs\" role=\"tablist\">\n            <div class=\"elementor-tabs-wrapper\">\n                                    <div id=\"elementor-tab-title-1251\" class=\"elementor-tab-title elementor-tab-desktop-title elementor-active elementor-repeater-item-4bf691a\" data-tab=\"1\" tabindex=\"1251\" role=\"tab\" aria-controls=\"elementor-tab-content-1251\">\n\n                        \n                        Tlocrt Sprata                    <\/div>\n                            <\/div>\n            <div class=\"elementor-tabs-content-wrapper\">\n                                    <div id=\"elementor-tab-content-1251\" class=\"elementor-tab-content elementor-clearfix elementor-active elementor-repeater-item-4bf691a\" data-tab=\"1\" role=\"tabpanel\" aria-labelledby=\"elementor-tab-title-1251\">\n                                                                                                <\/div>\n                            <\/div>\n        <\/div>\n        \t\t<\/div>\n\t\t\t\t<\/div>\n\t\t\t\t<div class=\"elementor-element elementor-element-f6f280f elementor-widget elementor-widget-image\" data-id=\"f6f280f\" data-element_type=\"widget\" data-widget_type=\"image.default\">\n\t\t\t\t<div class=\"elementor-widget-container\">\n\t\t\t<style>\/*! elementor - v3.17.0 - 08-11-2023 *\/\n.elementor-widget-image{text-align:center}.elementor-widget-image a{display:inline-block}.elementor-widget-image a img[src$=\".svg\"]{width:48px}.elementor-widget-image img{vertical-align:middle;display:inline-block}<\/style>\t\t\t\t\t\t\t\t\t\t\t\t\t<a href=\"https:\/\/uniotec.ba\/wp-content\/uploads\/2024\/05\/STANOVI-scaled.jpg\" data-elementor-open-lightbox=\"yes\" data-elementor-lightbox-title=\"STANOVI\" data-e-action-hash=\"#elementor-action%3Aaction%3Dlightbox%26settings%3DeyJpZCI6MTAxMDUsInVybCI6Imh0dHBzOlwvXC91bmlvdGVjLmJhXC93cC1jb250ZW50XC91cGxvYWRzXC8yMDI0XC8wNVwvU1RBTk9WSS1zY2FsZWQuanBnIn0%3D\">\n\t\t\t\t\t\t\t<img fetchpriority=\"high\" decoding=\"async\" width=\"2048\" height=\"852\" src=\"https:\/\/uniotec.ba\/wp-content\/uploads\/2024\/05\/STANOVI-2048x852.jpg\" class=\"attachment-2048x2048 size-2048x2048 wp-image-10105\" alt=\"\" srcset=\"https:\/\/uniotec.ba\/wp-content\/uploads\/2024\/05\/STANOVI-2048x852.jpg 2048w, https:\/\/uniotec.ba\/wp-content\/uploads\/2024\/05\/STANOVI-300x125.jpg 300w, https:\/\/uniotec.ba\/wp-content\/uploads\/2024\/05\/STANOVI-1024x426.jpg 1024w, https:\/\/uniotec.ba\/wp-content\/uploads\/2024\/05\/STANOVI-768x320.jpg 768w, https:\/\/uniotec.ba\/wp-content\/uploads\/2024\/05\/STANOVI-1536x639.jpg 1536w, https:\/\/uniotec.ba\/wp-content\/uploads\/2024\/05\/STANOVI-18x7.jpg 18w, https:\/\/uniotec.ba\/wp-content\/uploads\/2024\/05\/STANOVI-700x291.jpg 700w\" sizes=\"(max-width: 2048px) 100vw, 2048px\" \/>\t\t\t\t\t\t\t\t<\/a>\n\t\t\t\t\t\t\t\t\t\t\t\t\t\t\t<\/div>\n\t\t\t\t<\/div>\n\t\t\t\t<\/div>\n\t\t\t\t\t\t\t<\/div>","protected":false},"excerpt":{"rendered":"<p>TLOCRT Sprat 1 Sprat se prostire na ukupno 400m\u00b2 povr\u0161ine, pru\u017eaju\u0107i raznovrsne stambene opcije. Sa sedam jedinica, od kojih je jedan dvosobni, 5 jednosobonih i jednom garsonjerom, pru\u017eamo \u0161irok spektar izbora za na\u0161e stanare. Svaka jedinica je pa\u017eljivo osmi\u0161ljena kako bi pru\u017eila optimalan spoj funkcionalnosti i udobnosti. I sprat je opremljen modernim sistemima bezbjednosti, liftom &hellip; <\/p>\n<p class=\"link-more\"><a href=\"https:\/\/uniotec.ba\/bs\/tat-tlocrt-sprata-1\/\" class=\"more-link\">Read More <span class=\"screen-reader-text\"> &#8222;Stambeno poslovni objekat &#8211; &#8216;TAT&#8217; &#8211; sprat 1&#8220;<\/span><\/a><\/p>","protected":false},"author":1,"featured_media":0,"parent":0,"menu_order":0,"comment_status":"closed","ping_status":"closed","template":"","meta":{"inline_featured_image":false,"footnotes":""},"_links":{"self":[{"href":"https:\/\/uniotec.ba\/bs\/wp-json\/wp\/v2\/pages\/9904"}],"collection":[{"href":"https:\/\/uniotec.ba\/bs\/wp-json\/wp\/v2\/pages"}],"about":[{"href":"https:\/\/uniotec.ba\/bs\/wp-json\/wp\/v2\/types\/page"}],"author":[{"embeddable":true,"href":"https:\/\/uniotec.ba\/bs\/wp-json\/wp\/v2\/users\/1"}],"replies":[{"embeddable":true,"href":"https:\/\/uniotec.ba\/bs\/wp-json\/wp\/v2\/comments?post=9904"}],"version-history":[{"count":13,"href":"https:\/\/uniotec.ba\/bs\/wp-json\/wp\/v2\/pages\/9904\/revisions"}],"predecessor-version":[{"id":10111,"href":"https:\/\/uniotec.ba\/bs\/wp-json\/wp\/v2\/pages\/9904\/revisions\/10111"}],"wp:attachment":[{"href":"https:\/\/uniotec.ba\/bs\/wp-json\/wp\/v2\/media?parent=9904"}],"curies":[{"name":"wp","href":"https:\/\/api.w.org\/{rel}","templated":true}]}}